{"id":543,"date":"2020-11-04T13:44:58","date_gmt":"2020-11-04T11:44:58","guid":{"rendered":"https:\/\/www.kruunupuisto.fi\/en\/?page_id=543"},"modified":"2020-11-04T14:54:02","modified_gmt":"2020-11-04T12:54:02","slug":"history","status":"publish","type":"page","link":"https:\/\/www.kruunupuisto.fi\/en\/about-us\/history\/","title":{"rendered":"Kruunupuisto history"},"content":{"rendered":"<p><strong>Punkaharju \u2013 the Most Beautiful Place in Finland<\/strong><\/p>\n<p>It was June 29, 1842 when, according to a decision made by Nikolai I, Tsar of Russia, Punkaharju was declared the first Crown Park in Finland.\u00a0 Earlier on, in 1803, the young Tsar Alexander I (brother of Nikolai I) was so enraptured by Punkaharju that he had given an oral order forbidding the cutting and burn-clearing of the trees in the area around the esker.\u00a0 Perhaps a stronger incentive for the ban was the fact that the road\u00a0 was flanked by extremely steep, bare slopes which presented a danger to travellers.<\/p>\n<p>Growth in the rate of travel to Punkaharju was especially expedited by three factors:\u00a0 First of all, the Finnish national poet, J.L. Runeberg determined the ideal\u00a0 Finnish landscape: a summer view of a glistening lake from a high vantage point. The first poem \u201cV\u00e5rt Land\u201d (\u201cOur Land\u201d) in Runeberg\u2019s \u201cF\u00e4nrik St\u00e5ls s\u00e4gner\u201d (\u201cThe Tales of Ensign St\u00e5l\u201d) was an ode to this national landscape, and \u201cMaamme\u201d (\u201cOur Land\u201d in Finnish) is nowadays sung as the Finnish national anthem.\u00a0 Secondly, another contemporary of Runeberg, the famous newspaper man and author, Zacharias Topelius, raised awareness of Punkaharju as the most beautiful landscape and \u201cNature\u2019s most beautiful amusement park\u201d &#8211; which absolutely everybody should see.\u00a0 Thirdly, the improved accessibility of Punkaharju served as a major factor for the increased attraction of the area to visitors. The water channel from Savonlinna to Punkaharju was beaconed in the 1870s and regular ship traffic was initiated along the route.\u00a0 A tremendous boost for travel was brought on by the opening of train traffic from Elisenvaara to Savonlinna in 1908. Thus Punkaharju and its national landscape became much more accessible to Finnish visitors and the wealthy residents of St. Petersburg, who sought the peace and quiet of nature that could be found here.<\/p>\n<p>Unfortunately, the beginning of World War I, the Russian revolution in 1917, and the 1918 Finnish civil war resulted in travel being restricted and put a temporary end to the thriving travel industry in Punkaharju.\u00a0 However, travel began to flourish anew in the mid-1920s.<\/p>\n<p><strong>Takaharju Tuberculosis Sanatorium<\/strong><\/p>\n<p>Pulmonary TB was a difficult disease to control with broad repercussions among the nationals in Finland in the 1800s, and no effective medication\u00a0 was available at the time. Wealthy patients could travel to the Alps for treatment at any of the many sanatoriums there, but generally people had no choice but to stay in their home country and simply bear the brunt of the disease. Patients were prescribed rest, nutritious food, and so-called \u201chall-lying\u201d in the fresh outdoor air throughout the four seasons of the year.\u00a0 In 1892, the \u201cL\u00e4\u00e4k\u00e4riseura Duodecim\u201d (\u201cMedical Society Duodecim\u201d) established the \u201cOsakeyhti\u00f6 Keuhkotautisten Parantola\u201d (\u201cSanatorium of the Pulmonary Diseased Ltd\u201d) who acquired a plot of land &#8211; Takaharju, in the vicinity of the Punkaharju esker. The Takaharju Sanatorium buildings were designed by architect Onni T\u00f6rnqvist (later Tarjanne). The foundation stone was laid in the presence of a prestigious group of guests on July 15, 1901, and the sanatorium opened on October 1, 1903.\u00a0 The building accommodated approximately 100 patients, and it was equipped with modern electric lighting and central heating.<\/p>\n<figure id=\"attachment_526\" aria-describedby=\"caption-attachment-526\" style=\"width: 300px\" class=\"wp-caption alignright\"><img loading=\"lazy\" decoding=\"async\" class=\"img-fluid wp-image-526 size-medium\" src=\"https:\/\/www.kruunupuisto.fi\/en\/wp-content\/uploads\/sites\/2\/2020\/11\/historia-300x196.jpg\" alt=\"\" width=\"300\" height=\"196\" srcset=\"https:\/\/www.kruunupuisto.fi\/en\/wp-content\/uploads\/sites\/2\/2020\/11\/historia-300x196.jpg 300w, https:\/\/www.kruunupuisto.fi\/en\/wp-content\/uploads\/sites\/2\/2020\/11\/historia-1024x667.jpg 1024w, https:\/\/www.kruunupuisto.fi\/en\/wp-content\/uploads\/sites\/2\/2020\/11\/historia-768x501.jpg 768w, https:\/\/www.kruunupuisto.fi\/en\/wp-content\/uploads\/sites\/2\/2020\/11\/historia-1536x1001.jpg 1536w, https:\/\/www.kruunupuisto.fi\/en\/wp-content\/uploads\/sites\/2\/2020\/11\/historia-2048x1335.jpg 2048w, https:\/\/www.kruunupuisto.fi\/en\/wp-content\/uploads\/sites\/2\/2020\/11\/historia-1657x1080.jpg 1657w\" sizes=\"auto, (max-width: 300px) 100vw, 300px\" \/><figcaption id=\"caption-attachment-526\" class=\"wp-caption-text\">Takaharju Sanatorium<\/figcaption><\/figure>\n<p>During its first 15 years of operation, numerous foreign patients from all around Russia were cared for at Takaharju, the majority of these\u00a0\u00a0 patients arriving from nearby St. Petersburg. Most often these patients were wealthy and rented a private room at the sanatorium. Foreign patients were usually accompanied by a number of friends and family who stayed at the nearby State Hotel or Hotel Finlandia, waiting around in Punkaharju while the patient was receiving treatment at the sanatorium. One of the most famous patients who received treatment at Takaharju was Latvia\u2019s national author, poet and playwright Rudolfs Blaumanis, who died at Takaharju in September, 1908, at the age of 45.<\/p>\n<p>Most of the patients treated at Takaharju were young, aged 20\u201330, and usually had a commitment of payment for a month -long treatment from their municipality of residence. Emotions among the patients ran high &#8211; like a continuous roller coaster ride: one day soaring with hopes of healing, and the next day sinking into deep depression because the treatment did not alleviate their symptoms. \u00a0Sometimes macabre jokes were made about the deadly serious disease. A band made up of patients was named Jazz Orchestra Basil and in a demonstration organised on the First of May, more rights were demanded for patients. Love affairs flared up and died out during walking trips.<\/p>\n<p><strong>From Military Hospital to Kruunupuisto<\/strong><\/p>\n<p>The years of war 1939\u20131944 put a stop to travel and both of the hotels in Punkaharju and Takaharju were transformed into military hospitals. During the Winter War the wounded were brought via railways to the Punkaharju station (nowadays the train stop is named Lusto), from where the soldiers requiring surgery were transferred to the Takaharju hospital. After the war, Takaharju was used by the Finnish defence forces as a pulmonary tuberculosis and military sanatorium. Takaharju was responsible for conducting research on pulmonary diseases among the conscripts who were being treated there.\u00a0 Due to the advancement of care in tuberculosis, the defence forces no longer had use for the Takaharju facilities and they were closed in 1964.<\/p>\n<figure id=\"attachment_532\" aria-describedby=\"caption-attachment-532\" style=\"width: 300px\" class=\"wp-caption alignright\"><img loading=\"lazy\" decoding=\"async\" class=\"img-fluid wp-image-532 size-medium\" src=\"https:\/\/www.kruunupuisto.fi\/en\/wp-content\/uploads\/sites\/2\/2020\/11\/Historia_sota-300x215.jpg\" alt=\"\" width=\"300\" height=\"215\" srcset=\"https:\/\/www.kruunupuisto.fi\/en\/wp-content\/uploads\/sites\/2\/2020\/11\/Historia_sota-300x215.jpg 300w, https:\/\/www.kruunupuisto.fi\/en\/wp-content\/uploads\/sites\/2\/2020\/11\/Historia_sota-1024x733.jpg 1024w, https:\/\/www.kruunupuisto.fi\/en\/wp-content\/uploads\/sites\/2\/2020\/11\/Historia_sota-768x550.jpg 768w, https:\/\/www.kruunupuisto.fi\/en\/wp-content\/uploads\/sites\/2\/2020\/11\/Historia_sota-1536x1100.jpg 1536w, https:\/\/www.kruunupuisto.fi\/en\/wp-content\/uploads\/sites\/2\/2020\/11\/Historia_sota-2048x1467.jpg 2048w, https:\/\/www.kruunupuisto.fi\/en\/wp-content\/uploads\/sites\/2\/2020\/11\/Historia_sota-1508x1080.jpg 1508w\" sizes=\"auto, (max-width: 300px) 100vw, 300px\" \/><figcaption id=\"caption-attachment-532\" class=\"wp-caption-text\">Military hospital<\/figcaption><\/figure>\n<p>Through an initiative put forward by Erkki Tynkkynen, mayor of Punkaharju, and Urho Kiukas, governor of the Mikkeli province, and with the support of the President of Finland, Urho Kekkonen, the \u201cFysioterapialiitto\u201d (\u201cPhysiotherapy Union\u201d), was established. Fysiaterapialiitto rented the Takaharju facilities and undertook the reparation of the sanatorium building in 1967.\u00a0 The renovation was completed in two stages, in 1969 and 1974. Subsequently, the \u201cPunkaharjun Kuntoutussairaalas\u00e4\u00e4ti\u00f6\u201d (\u201cPunkaharju Rehabilitation Hospital Foundation\u201d) was established in 1977. The foundation focused on the rehabilitation of war veterans with the \u201cSotainvalidien Veljesliitto\u201d (a fraternity for war invalids) and\u00a0 \u201cKeuhkovammaliitto\u201d (\u201cLung Injury Union\u201d). In 1979, the former senior physician\u2019s residence was refurbished and was named \u201cUrhola\u201d in honour of President Kekkonen, governor Kiukas and the war veterans. The Finnish name Urho, derives from the word \u201curhea\u201d, meaning brave.<\/p>\n<p>During the 1980s and 1990s the Rehabilitation Hospital Foundation refurbished the old buildings and erected totally new buildings.\u00a0 The first expansion, \u201cKuntotalo\u201d (Fitness House) was completed in 1980 and was equipped with a swimming pool, saunas, gyms and a variety of therapy rooms. At the same time, the Rehabilitation Hospital Foundation rented the former Hotel Finlandia and converted it into an infirmary for war veterans. Nowadays Finlandia serves as a care home for senior citizens. Reparation work continued in the 1990s, and in 2005 a new restaurant and the hotel reception area were completed. The current name Kruunupuisto \u2013 Punkaharjun kuntoutuskeskus (Punkaharju Rehabilitation Centre) was adopted in 2003. The business is operated by Kruunupuisto Oy, established in 2006.<\/p>\n","protected":false},"excerpt":{"rendered":"<p>Punkaharju \u2013 the Most Beautiful Place in Finland It was June 29, 1842 when, according to a decision made by Nikolai I, Tsar&#8230;<\/p>\n","protected":false},"author":9,"featured_media":531,"parent":47,"menu_order":0,"comment_status":"closed","ping_status":"closed","template":"","meta":{"footnotes":""},"class_list":["post-543","page","type-page","status-publish","has-post-thumbnail","hentry"],"yoast_head":"<!-- This site is optimized with the Yoast SEO plugin v27.5 - https:\/\/yoast.com\/product\/yoast-seo-wordpress\/ -->\n<title>Kruunupuisto history - Kruunupuisto-en<\/title>\n<meta name=\"robots\" content=\"index, follow, max-snippet:-1, max-image-preview:large, max-video-preview:-1\" \/>\n<link rel=\"canonical\" href=\"https:\/\/www.kruunupuisto.fi\/en\/about-us\/history\/\" \/>\n<meta property=\"og:locale\" content=\"en_US\" \/>\n<meta property=\"og:type\" content=\"article\" \/>\n<meta property=\"og:title\" content=\"Kruunupuisto history - Kruunupuisto-en\" \/>\n<meta property=\"og:description\" content=\"Punkaharju \u2013 the Most Beautiful Place in Finland It was June 29, 1842 when, according to a decision made by Nikolai I, Tsar...\" \/>\n<meta property=\"og:url\" content=\"https:\/\/www.kruunupuisto.fi\/en\/about-us\/history\/\" \/>\n<meta property=\"og:site_name\" content=\"Kruunupuisto-en\" \/>\n<meta property=\"article:modified_time\" content=\"2020-11-04T12:54:02+00:00\" \/>\n<meta property=\"og:image\" content=\"https:\/\/www.kruunupuisto.fi\/en\/wp-content\/uploads\/sites\/2\/2020\/11\/Historia_harju-scaled.jpg\" \/>\n\t<meta property=\"og:image:width\" content=\"2560\" \/>\n\t<meta property=\"og:image:height\" content=\"1641\" \/>\n\t<meta property=\"og:image:type\" content=\"image\/jpeg\" \/>\n<meta name=\"twitter:card\" content=\"summary_large_image\" \/>\n<meta name=\"twitter:label1\" content=\"Est. reading time\" \/>\n\t<meta name=\"twitter:data1\" content=\"6 minutes\" \/>\n<script type=\"application\/ld+json\" class=\"yoast-schema-graph\">{\"@context\":\"https:\\\/\\\/schema.org\",\"@graph\":[{\"@type\":\"WebPage\",\"@id\":\"https:\\\/\\\/www.kruunupuisto.fi\\\/en\\\/about-us\\\/history\\\/\",\"url\":\"https:\\\/\\\/www.kruunupuisto.fi\\\/en\\\/about-us\\\/history\\\/\",\"name\":\"Kruunupuisto history - Kruunupuisto-en\",\"isPartOf\":{\"@id\":\"https:\\\/\\\/www.kruunupuisto.fi\\\/en\\\/#website\"},\"primaryImageOfPage\":{\"@id\":\"https:\\\/\\\/www.kruunupuisto.fi\\\/en\\\/about-us\\\/history\\\/#primaryimage\"},\"image\":{\"@id\":\"https:\\\/\\\/www.kruunupuisto.fi\\\/en\\\/about-us\\\/history\\\/#primaryimage\"},\"thumbnailUrl\":\"https:\\\/\\\/www.kruunupuisto.fi\\\/en\\\/wp-content\\\/uploads\\\/sites\\\/2\\\/2020\\\/11\\\/Historia_harju-scaled.jpg\",\"datePublished\":\"2020-11-04T11:44:58+00:00\",\"dateModified\":\"2020-11-04T12:54:02+00:00\",\"breadcrumb\":{\"@id\":\"https:\\\/\\\/www.kruunupuisto.fi\\\/en\\\/about-us\\\/history\\\/#breadcrumb\"},\"inLanguage\":\"en-US\",\"potentialAction\":[{\"@type\":\"ReadAction\",\"target\":[\"https:\\\/\\\/www.kruunupuisto.fi\\\/en\\\/about-us\\\/history\\\/\"]}]},{\"@type\":\"ImageObject\",\"inLanguage\":\"en-US\",\"@id\":\"https:\\\/\\\/www.kruunupuisto.fi\\\/en\\\/about-us\\\/history\\\/#primaryimage\",\"url\":\"https:\\\/\\\/www.kruunupuisto.fi\\\/en\\\/wp-content\\\/uploads\\\/sites\\\/2\\\/2020\\\/11\\\/Historia_harju-scaled.jpg\",\"contentUrl\":\"https:\\\/\\\/www.kruunupuisto.fi\\\/en\\\/wp-content\\\/uploads\\\/sites\\\/2\\\/2020\\\/11\\\/Historia_harju-scaled.jpg\",\"width\":2560,\"height\":1641},{\"@type\":\"BreadcrumbList\",\"@id\":\"https:\\\/\\\/www.kruunupuisto.fi\\\/en\\\/about-us\\\/history\\\/#breadcrumb\",\"itemListElement\":[{\"@type\":\"ListItem\",\"position\":1,\"name\":\"Home\",\"item\":\"https:\\\/\\\/www.kruunupuisto.fi\\\/en\\\/\"},{\"@type\":\"ListItem\",\"position\":2,\"name\":\"About us\",\"item\":\"https:\\\/\\\/www.kruunupuisto.fi\\\/en\\\/about-us\\\/\"},{\"@type\":\"ListItem\",\"position\":3,\"name\":\"Kruunupuisto history\"}]},{\"@type\":\"WebSite\",\"@id\":\"https:\\\/\\\/www.kruunupuisto.fi\\\/en\\\/#website\",\"url\":\"https:\\\/\\\/www.kruunupuisto.fi\\\/en\\\/\",\"name\":\"Kruunupuisto-en\",\"description\":\"Hotel, Spa,Restaurant and Activities\",\"potentialAction\":[{\"@type\":\"SearchAction\",\"target\":{\"@type\":\"EntryPoint\",\"urlTemplate\":\"https:\\\/\\\/www.kruunupuisto.fi\\\/en\\\/?s={search_term_string}\"},\"query-input\":{\"@type\":\"PropertyValueSpecification\",\"valueRequired\":true,\"valueName\":\"search_term_string\"}}],\"inLanguage\":\"en-US\"}]}<\/script>\n<!-- \/ Yoast SEO plugin. -->","yoast_head_json":{"title":"Kruunupuisto history - Kruunupuisto-en","robots":{"index":"index","follow":"follow","max-snippet":"max-snippet:-1","max-image-preview":"max-image-preview:large","max-video-preview":"max-video-preview:-1"},"canonical":"https:\/\/www.kruunupuisto.fi\/en\/about-us\/history\/","og_locale":"en_US","og_type":"article","og_title":"Kruunupuisto history - Kruunupuisto-en","og_description":"Punkaharju \u2013 the Most Beautiful Place in Finland It was June 29, 1842 when, according to a decision made by Nikolai I, Tsar...","og_url":"https:\/\/www.kruunupuisto.fi\/en\/about-us\/history\/","og_site_name":"Kruunupuisto-en","article_modified_time":"2020-11-04T12:54:02+00:00","og_image":[{"width":2560,"height":1641,"url":"https:\/\/www.kruunupuisto.fi\/en\/wp-content\/uploads\/sites\/2\/2020\/11\/Historia_harju-scaled.jpg","type":"image\/jpeg"}],"twitter_card":"summary_large_image","twitter_misc":{"Est. reading time":"6 minutes"},"schema":{"@context":"https:\/\/schema.org","@graph":[{"@type":"WebPage","@id":"https:\/\/www.kruunupuisto.fi\/en\/about-us\/history\/","url":"https:\/\/www.kruunupuisto.fi\/en\/about-us\/history\/","name":"Kruunupuisto history - Kruunupuisto-en","isPartOf":{"@id":"https:\/\/www.kruunupuisto.fi\/en\/#website"},"primaryImageOfPage":{"@id":"https:\/\/www.kruunupuisto.fi\/en\/about-us\/history\/#primaryimage"},"image":{"@id":"https:\/\/www.kruunupuisto.fi\/en\/about-us\/history\/#primaryimage"},"thumbnailUrl":"https:\/\/www.kruunupuisto.fi\/en\/wp-content\/uploads\/sites\/2\/2020\/11\/Historia_harju-scaled.jpg","datePublished":"2020-11-04T11:44:58+00:00","dateModified":"2020-11-04T12:54:02+00:00","breadcrumb":{"@id":"https:\/\/www.kruunupuisto.fi\/en\/about-us\/history\/#breadcrumb"},"inLanguage":"en-US","potentialAction":[{"@type":"ReadAction","target":["https:\/\/www.kruunupuisto.fi\/en\/about-us\/history\/"]}]},{"@type":"ImageObject","inLanguage":"en-US","@id":"https:\/\/www.kruunupuisto.fi\/en\/about-us\/history\/#primaryimage","url":"https:\/\/www.kruunupuisto.fi\/en\/wp-content\/uploads\/sites\/2\/2020\/11\/Historia_harju-scaled.jpg","contentUrl":"https:\/\/www.kruunupuisto.fi\/en\/wp-content\/uploads\/sites\/2\/2020\/11\/Historia_harju-scaled.jpg","width":2560,"height":1641},{"@type":"BreadcrumbList","@id":"https:\/\/www.kruunupuisto.fi\/en\/about-us\/history\/#breadcrumb","itemListElement":[{"@type":"ListItem","position":1,"name":"Home","item":"https:\/\/www.kruunupuisto.fi\/en\/"},{"@type":"ListItem","position":2,"name":"About us","item":"https:\/\/www.kruunupuisto.fi\/en\/about-us\/"},{"@type":"ListItem","position":3,"name":"Kruunupuisto history"}]},{"@type":"WebSite","@id":"https:\/\/www.kruunupuisto.fi\/en\/#website","url":"https:\/\/www.kruunupuisto.fi\/en\/","name":"Kruunupuisto-en","description":"Hotel, Spa,Restaurant and Activities","potentialAction":[{"@type":"SearchAction","target":{"@type":"EntryPoint","urlTemplate":"https:\/\/www.kruunupuisto.fi\/en\/?s={search_term_string}"},"query-input":{"@type":"PropertyValueSpecification","valueRequired":true,"valueName":"search_term_string"}}],"inLanguage":"en-US"}]}},"_links":{"self":[{"href":"https:\/\/www.kruunupuisto.fi\/en\/wp-json\/wp\/v2\/pages\/543","targetHints":{"allow":["GET"]}}],"collection":[{"href":"https:\/\/www.kruunupuisto.fi\/en\/wp-json\/wp\/v2\/pages"}],"about":[{"href":"https:\/\/www.kruunupuisto.fi\/en\/wp-json\/wp\/v2\/types\/page"}],"author":[{"embeddable":true,"href":"https:\/\/www.kruunupuisto.fi\/en\/wp-json\/wp\/v2\/users\/9"}],"replies":[{"embeddable":true,"href":"https:\/\/www.kruunupuisto.fi\/en\/wp-json\/wp\/v2\/comments?post=543"}],"version-history":[{"count":3,"href":"https:\/\/www.kruunupuisto.fi\/en\/wp-json\/wp\/v2\/pages\/543\/revisions"}],"predecessor-version":[{"id":546,"href":"https:\/\/www.kruunupuisto.fi\/en\/wp-json\/wp\/v2\/pages\/543\/revisions\/546"}],"up":[{"embeddable":true,"href":"https:\/\/www.kruunupuisto.fi\/en\/wp-json\/wp\/v2\/pages\/47"}],"wp:featuredmedia":[{"embeddable":true,"href":"https:\/\/www.kruunupuisto.fi\/en\/wp-json\/wp\/v2\/media\/531"}],"wp:attachment":[{"href":"https:\/\/www.kruunupuisto.fi\/en\/wp-json\/wp\/v2\/media?parent=543"}],"curies":[{"name":"wp","href":"https:\/\/api.w.org\/{rel}","templated":true}]}}